{"id":1045,"date":"2026-03-23T10:26:45","date_gmt":"2026-03-23T10:26:45","guid":{"rendered":"http:\/\/web2.pssr.sk\/?page_id=1045"},"modified":"2026-04-15T12:09:29","modified_gmt":"2026-04-15T12:09:29","slug":"cehz-ako-zaregistrovat-farmu-a-zvierata","status":"publish","type":"page","link":"http:\/\/web2.pssr.sk\/index.php\/sk\/cehz-ako-zaregistrovat-farmu-a-zvierata\/","title":{"rendered":"Ako zaregistrova\u0165 farmu a zvierat\u00e1"},"content":{"rendered":"\n<h3 class=\"wp-block-heading\">1. Registr\u00e1cia chovn\u00e9ho zariadenia<\/h3>\n\n\n\n<ul class=\"wp-block-list\">\n<li>Stiahnite, vytla\u010dte a podp\u00ed\u0161te predp\u00edsan\u00e9 tla\u010divo:<a href=\"https:\/\/pssr.sk\/wp-content\/uploads\/stiah\/cehz\/RegFarm.pdf\"> Registr\u00e1cia chovn\u00e9ho zariadenia<\/a> , alebo\u00a0 <a href=\"https:\/\/pssr.sk\/wp-content\/uploads\/stiah\/cehz\/Oznamenie_o_chove_vcelstiev.pdf\">Registr\u00e1cia stanovi\u0161\u0165a v\u010delstiev<\/a> <\/li>\n\n\n\n<li>Riadne vyplnen\u00e9, podp\u00edsan\u00e9 tla\u010divo \u201eRegistr\u00e1cia chovn\u00e9ho zariadenia\u201c, alebo \u201eRegistr\u00e1cia stanovi\u0161\u0165a v\u010delstiev\u201c za\u0161lite po\u0161tou na adresu: <br><strong>Centr\u00e1lny register hospod\u00e1rskych zvierat (CRHZ), Rosinsk\u00e1 cesta 12, 01008 \u017dilina<\/strong>, alebo naskenovan\u00e9 origin\u00e1ly tla\u010d\u00edv emailom na: <a href=\"mailto:crhz@pssr.sk\"><strong>crhz@pssr.sk<\/strong><\/a><strong>\u00a0 \u00a0<a href=\"mailto:vcelycrhz@pssr.sk\">vcelycrhz@pssr.sk<\/a><\/strong> <\/li>\n\n\n\n<li>Po doru\u010den\u00ed spr\u00e1vne vyplnen\u00e9ho tla\u010diva \u201eRegistr\u00e1cia chovn\u00e9ho zariadenia\u201c, alebo \u201eRegistr\u00e1cia stanovi\u0161\u0165a v\u010delstiev\u201c na pracovisku CRHZ bude chovu vystaven\u00fd certifik\u00e1t \u201eRegister chovu\u201c, ktor\u00fd bude n\u00e1sledne spolu s\u00a0prihlasovac\u00edmi \u00fadajmi do Pr\u00edstupu farm\u00e1ra zaslan\u00fd \u00a0na adresu chovate\u013ea. Chovate\u013eovi je pridelen\u00e9 registra\u010dn\u00e9 \u010d\u00edslo chovu (\u0161es\u0165miestny k\u00f3d), ktor\u00e9 je vyzna\u010den\u00e9 na vystavenom certifik\u00e1te. Na z\u00e1klade tohto certifik\u00e1tu z\u00edskava chovate\u013e opr\u00e1vnenie prev\u00e1dzkova\u0165 chov jednotliv\u00fdch druhov hospod\u00e1rskych zvierat s n\u00e1slednou registr\u00e1ciou konkr\u00e9tnych hospod\u00e1rskych zvierat.<\/li>\n<\/ul>\n\n\n\n<h3 class=\"wp-block-heading\">2. Registr\u00e1cia zvierat<\/h3>\n\n\n\n<ul class=\"wp-block-list\">\n<li>Pred prvotn\u00fdm hl\u00e1sen\u00edm zvierat do CRHZ musia by\u0165 zvierat\u00e1 riadne ozna\u010den\u00e9 \u2013 identifikovate\u013en\u00e9. Na trval\u00fa identifik\u00e1ciu sl\u00fa\u017eia plastov\u00e9 u\u0161n\u00e9 zna\u010dky. Distrib\u00faciu a predaj u\u0161n\u00fdch zna\u010diek zabezpe\u010duj\u00fa pr\u00edslu\u0161n\u00e9 region\u00e1lne stredisk\u00e1 PS SR, \u0161.p.:<\/li>\n<\/ul>\n\n\n\n<p><a href=\"http:\/\/web2.pssr.sk\/index.php\/sk\/regionalne-stredisko-zapad-2\/\">Region\u00e1lne stredisko Z\u00e1pad<\/a><\/p>\n\n\n\n<hr class=\"wp-block-separator has-alpha-channel-opacity\"\/>\n\n\n\n<p><a href=\"http:\/\/web2.pssr.sk\/index.php\/sk\/regionalne-stredisko-stred\/\">Region\u00e1lne stredisko Stred<\/a><\/p>\n\n\n\n<hr class=\"wp-block-separator has-alpha-channel-opacity\"\/>\n\n\n\n<p><a href=\"http:\/\/web2.pssr.sk\/index.php\/sk\/regionalne-stredisko-zapad\/\">Region\u00e1lne stredisko V\u00fdchod<\/a><\/p>\n\n\n\n<ul class=\"wp-block-list\">\n<li>Registr\u00e1cia zvierat sa hl\u00e1si elektronicky cez port\u00e1l <strong>Pr\u00edstup farm\u00e1ra <\/strong>(<a href=\"https:\/\/pssr.sk\/wp-content\/uploads\/cehz\/subory\/Online-hl%C3%A1senie-cez-pr%C3%ADstup-farm%C3%A1ra-v6_web.pdf\">Stiahnu\u0165<\/a>), alebo prostredn\u00edctvom na to u\u010den\u00fdch programov, napr. PS SR, \u0161. p. pon\u00faka program WINREG (kontaktujte pr\u00edslu\u0161n\u00e9 region\u00e1lne stredisk\u00e1 uveden\u00e9 vy\u0161\u0161ie).<\/li>\n\n\n\n<li><strong>Je zn\u00e1my p\u00f4vod zvierat<\/strong>: Je potrebn\u00e9 nahl\u00e1si\u0165, ak\u00fdm sp\u00f4sobom ste zvierat\u00e1 z\u00edskali a\u00a0to: narodenie zvierat na chove, import zo zahrani\u010dia, alebo premiestnenie v\u00a0r\u00e1mci Slovenska medzi registrovan\u00fdmi chovate\u013emi.<\/li>\n\n\n\n<li><strong>Nie je zn\u00e1my p\u00f4vod:<\/strong> Je potrebn\u00e9 zaregistrova\u0165 zvierat\u00e1 ako star\u0161ie \u017eij\u00face zvierat\u00e1, bez zn\u00e1meho p\u00f4vodu k\u00f3dmi udalosti 21,22,23,24. Udalos\u0165 vy\u017eaduje <strong>schv\u00e1lenie<\/strong> z\u00a0pr\u00edslu\u0161nej Region\u00e1lnej veterin\u00e1rnej a\u00a0potravinovej spr\u00e1vy.<\/li>\n<\/ul>\n\n\n\n<h3 class=\"wp-block-heading\"><strong>Kontakt<\/strong>:<\/h3>\n\n\n\n<p><a href=\"tel:+421415073744\">+421 41 5073 744<\/a><br>mapa podniku: <a href=\"https:\/\/maps.app.goo.gl\/eLMAKUd8RQiiHNEG9\">mapa<\/a><br>e-mail: <a href=\"mailto:crhz@pssr.sk\">crhz@pssr.sk<\/a><\/p>\n\n\n\n<p><a href=\"http:\/\/pssr.sk\/wp-content\/uploads\/cehz\/subory\/Manual_farmara.pdf\">Postup registr\u00e1cie farm\u00e1ra a jeho zvierat v syst\u00e9me CRHZ<\/a><\/p>\n","protected":false},"excerpt":{"rendered":"<p>1. Registr\u00e1cia chovn\u00e9ho zariadenia 2. Registr\u00e1cia zvierat Region\u00e1lne stredisko Z\u00e1pad Region\u00e1lne stredisko Stred Region\u00e1lne stredisko V\u00fdchod Kontakt: +421 41 5073 744mapa podniku: mapae-mail: crhz@pssr.sk Postup registr\u00e1cie farm\u00e1ra a jeho zvierat v syst\u00e9me CRHZ<\/p>\n","protected":false},"author":1,"featured_media":0,"parent":0,"menu_order":0,"comment_status":"closed","ping_status":"closed","template":"","meta":{"footnotes":""},"class_list":["post-1045","page","type-page","status-publish","hentry"],"_links":{"self":[{"href":"http:\/\/web2.pssr.sk\/index.php\/wp-json\/wp\/v2\/pages\/1045","targetHints":{"allow":["GET"]}}],"collection":[{"href":"http:\/\/web2.pssr.sk\/index.php\/wp-json\/wp\/v2\/pages"}],"about":[{"href":"http:\/\/web2.pssr.sk\/index.php\/wp-json\/wp\/v2\/types\/page"}],"author":[{"embeddable":true,"href":"http:\/\/web2.pssr.sk\/index.php\/wp-json\/wp\/v2\/users\/1"}],"replies":[{"embeddable":true,"href":"http:\/\/web2.pssr.sk\/index.php\/wp-json\/wp\/v2\/comments?post=1045"}],"version-history":[{"count":11,"href":"http:\/\/web2.pssr.sk\/index.php\/wp-json\/wp\/v2\/pages\/1045\/revisions"}],"predecessor-version":[{"id":1144,"href":"http:\/\/web2.pssr.sk\/index.php\/wp-json\/wp\/v2\/pages\/1045\/revisions\/1144"}],"wp:attachment":[{"href":"http:\/\/web2.pssr.sk\/index.php\/wp-json\/wp\/v2\/media?parent=1045"}],"curies":[{"name":"wp","href":"https:\/\/api.w.org\/{rel}","templated":true}]}}