{"id":1067,"date":"2026-03-23T10:49:18","date_gmt":"2026-03-23T10:49:18","guid":{"rendered":"http:\/\/web2.pssr.sk\/?page_id=1067"},"modified":"2026-03-23T10:49:18","modified_gmt":"2026-03-23T10:49:18","slug":"vypis-chybnych-dat","status":"publish","type":"page","link":"http:\/\/web2.pssr.sk\/index.php\/sk\/vypis-chybnych-dat\/","title":{"rendered":"V\u00fdpis chybn\u00fdch d\u00e1t"},"content":{"rendered":"\n<p>Pri spracovan\u00ed hl\u00e1sen\u00ed zmien a dokladov o premiestnen\u00ed zaslan\u00fdch chovate\u013emi do CRHZ s\u00fa tieto hl\u00e1sen\u00e9 zmeny kontrolovan\u00e9 z form\u00e1lneho h\u013eadiska i z h\u013eadiska logick\u00fdch v\u00e4zieb k u\u017e registrovan\u00fdm \u00fadajom. V pr\u00edpade v\u00fdskytu a zistenia ch\u00fdb v hl\u00e1sen\u00fdch zmen\u00e1ch, s\u00fa tieto chyby vytla\u010den\u00e9 vo \u201eV\u00fdpise chybn\u00fdch d\u00e1t\u201c, ktor\u00fd je zaslan\u00fd na adresu chovate\u013ea.<\/p>\n\n\n\n<p><strong>* chyba s hviezdi\u010dkou \u2013 \u00fadaj nebol spracovan\u00fd<\/strong><br><strong>chyba bez hviezdi\u010dky \u2013 upozornenie, \u00fadaj bol spracovan\u00fd s mo\u017enou logickou chybou<\/strong><\/p>\n\n\n\n<p>Chyby uveden\u00e9 vo \u201eV\u00fdpise chybn\u00fdch d\u00e1t\u201c s hviezdi\u010dkou pred \u010d\u00edslom chyby znamenaj\u00fa, \u017ee ohl\u00e1sen\u00fd \u00fadaj nebol v\u00f4bec spracovan\u00fd. Chyby bez hviezdi\u010dky s\u00fa upozornen\u00edm na ur\u010dit\u00e9 nezrovnalosti v \u00fadajoch, ale zmeny boli spracovan\u00e9.<\/p>\n\n\n\n<p>Na chyby uveden\u00e9 vo \u201eV\u00fdpise chybn\u00fdch d\u00e1t\u201c je potrebn\u00e9 reagova\u0165 a vykona\u0165 pr\u00edslu\u0161n\u00fa opravu. Oprava ch\u00fdb sa rob\u00ed vyu\u017eit\u00edm tla\u010d\u00edv CRHZ, kde treba bu\u010f len zopakova\u0165 hl\u00e1senie zmeny\/premiestnenia so spr\u00e1vnymi \u00fadajmi, alebo najprv zru\u0161i\u0165 hl\u00e1senie zmeny\/premiestnenia s nespr\u00e1vnymi \u00fadajmi (Ru\u0161enie omylom nahl\u00e1sen\u00fdch zmien\/premiestnen\u00ed) a a\u017e potom nahl\u00e1si\u0165 zmenu\/premiestnenie so spr\u00e1vnymi \u00fadajmi.<\/p>\n","protected":false},"excerpt":{"rendered":"<p>Pri spracovan\u00ed hl\u00e1sen\u00ed zmien a dokladov o premiestnen\u00ed zaslan\u00fdch chovate\u013emi do CRHZ s\u00fa tieto hl\u00e1sen\u00e9 zmeny kontrolovan\u00e9 z form\u00e1lneho h\u013eadiska i z h\u013eadiska logick\u00fdch v\u00e4zieb k u\u017e registrovan\u00fdm \u00fadajom. V pr\u00edpade v\u00fdskytu a zistenia ch\u00fdb v hl\u00e1sen\u00fdch zmen\u00e1ch, s\u00fa tieto chyby vytla\u010den\u00e9 vo \u201eV\u00fdpise chybn\u00fdch d\u00e1t\u201c, ktor\u00fd je zaslan\u00fd na adresu chovate\u013ea. * chyba s&#8230;<\/p>\n","protected":false},"author":1,"featured_media":0,"parent":0,"menu_order":0,"comment_status":"closed","ping_status":"closed","template":"","meta":{"footnotes":""},"class_list":["post-1067","page","type-page","status-publish","hentry"],"_links":{"self":[{"href":"http:\/\/web2.pssr.sk\/index.php\/wp-json\/wp\/v2\/pages\/1067","targetHints":{"allow":["GET"]}}],"collection":[{"href":"http:\/\/web2.pssr.sk\/index.php\/wp-json\/wp\/v2\/pages"}],"about":[{"href":"http:\/\/web2.pssr.sk\/index.php\/wp-json\/wp\/v2\/types\/page"}],"author":[{"embeddable":true,"href":"http:\/\/web2.pssr.sk\/index.php\/wp-json\/wp\/v2\/users\/1"}],"replies":[{"embeddable":true,"href":"http:\/\/web2.pssr.sk\/index.php\/wp-json\/wp\/v2\/comments?post=1067"}],"version-history":[{"count":1,"href":"http:\/\/web2.pssr.sk\/index.php\/wp-json\/wp\/v2\/pages\/1067\/revisions"}],"predecessor-version":[{"id":1068,"href":"http:\/\/web2.pssr.sk\/index.php\/wp-json\/wp\/v2\/pages\/1067\/revisions\/1068"}],"wp:attachment":[{"href":"http:\/\/web2.pssr.sk\/index.php\/wp-json\/wp\/v2\/media?parent=1067"}],"curies":[{"name":"wp","href":"https:\/\/api.w.org\/{rel}","templated":true}]}}