{"id":113,"date":"2026-03-07T20:28:42","date_gmt":"2026-03-07T20:28:42","guid":{"rendered":"http:\/\/web2.pssr.sk\/?page_id=113"},"modified":"2026-04-15T12:07:30","modified_gmt":"2026-04-15T12:07:30","slug":"hydina-a-bezce","status":"publish","type":"page","link":"http:\/\/web2.pssr.sk\/index.php\/sk\/hydina-a-bezce\/","title":{"rendered":"Hydina a be\u017ece"},"content":{"rendered":"\n<p>Str\u00e1nka je ur\u010den\u00e1 v\u0161etk\u00fdm odborn\u00edkom a priaznivcom zaoberaj\u00facimi sa chovom hydiny a be\u017ecov na Slovensku. <\/p>\n\n\n\n<p>Pon\u00faka z\u00e1kladn\u00e9 inform\u00e1cie o chovan\u00fdch druhoch hydiny a be\u017ecov, t\u00fdkaj\u00face sa biol\u00f3gie, zootechniky chovu a v\u00fdkonu kontroly \u00fa\u017eitkovosti. Prostredn\u00edctvom tejto str\u00e1nky sa V\u00e1m budeme sna\u017ei\u0165 prinies\u0165 nov\u00e9 a aktu\u00e1lne inform\u00e1cie o zvierat\u00e1ch a chovate\u013eoch. <\/p>\n\n\n\n<p>Boli by sme pote\u0161en\u00ed ak by V\u00e1m priniesla t\u00e1to str\u00e1nka aj mo\u017en\u00e9 rie\u0161enia pre pr\u00edpadn\u00e9 probl\u00e9my, alebo ot\u00e1zky. Radi odpovieme a uv\u00edtame pripomienky a n\u00e1pady ako vylep\u0161i\u0165 obsah str\u00e1nky.<\/p>\n\n\n\n<hr class=\"wp-block-separator has-alpha-channel-opacity\"\/>\n\n\n\n<div class=\"wp-block-columns is-layout-flex wp-container-core-columns-is-layout-9d6595d7 wp-block-columns-is-layout-flex\">\n<div class=\"wp-block-column is-layout-flow wp-block-column-is-layout-flow\" style=\"flex-basis:66.66%\">\n<p><a href=\"https:\/\/pssr.sk\/index.php\/sk\/hydina-a-bezce\/#\">Hydina<\/a><br><a href=\"https:\/\/pssr.sk\/wp-content\/uploads\/ku\/subory\/hydina\/Pstros.pdf\">P\u0161trosy<\/a><br><a href=\"https:\/\/pssr.sk\/wp-content\/uploads\/ku\/subory\/hydina\/Emu.pdf\">Emu<\/a><\/p>\n<\/div>\n\n\n\n<div class=\"wp-block-column is-layout-flow wp-block-column-is-layout-flow\" style=\"flex-basis:33.33%\">\n<p><a href=\"https:\/\/pssr.sk\/index.php\/sk\/softver-pre-chovatela\/\">Program K\u00da pre chovate\u013ea<\/a><br><a href=\"https:\/\/pssr.sk\/index.php\/sk\/tlaciva-kontroly-uzitkovosti\/\">Tla\u010div\u00e1 K\u00da<\/a><\/p>\n<\/div>\n<\/div>\n","protected":false},"excerpt":{"rendered":"<p>Str\u00e1nka je ur\u010den\u00e1 v\u0161etk\u00fdm odborn\u00edkom a priaznivcom zaoberaj\u00facimi sa chovom hydiny a be\u017ecov na Slovensku. Pon\u00faka z\u00e1kladn\u00e9 inform\u00e1cie o chovan\u00fdch druhoch hydiny a be\u017ecov, t\u00fdkaj\u00face sa biol\u00f3gie, zootechniky chovu a v\u00fdkonu kontroly \u00fa\u017eitkovosti. Prostredn\u00edctvom tejto str\u00e1nky sa V\u00e1m budeme sna\u017ei\u0165 prinies\u0165 nov\u00e9 a aktu\u00e1lne inform\u00e1cie o zvierat\u00e1ch a chovate\u013eoch. Boli by sme pote\u0161en\u00ed ak by&#8230;<\/p>\n","protected":false},"author":1,"featured_media":0,"parent":0,"menu_order":0,"comment_status":"closed","ping_status":"closed","template":"","meta":{"footnotes":""},"class_list":["post-113","page","type-page","status-publish","hentry"],"_links":{"self":[{"href":"http:\/\/web2.pssr.sk\/index.php\/wp-json\/wp\/v2\/pages\/113","targetHints":{"allow":["GET"]}}],"collection":[{"href":"http:\/\/web2.pssr.sk\/index.php\/wp-json\/wp\/v2\/pages"}],"about":[{"href":"http:\/\/web2.pssr.sk\/index.php\/wp-json\/wp\/v2\/types\/page"}],"author":[{"embeddable":true,"href":"http:\/\/web2.pssr.sk\/index.php\/wp-json\/wp\/v2\/users\/1"}],"replies":[{"embeddable":true,"href":"http:\/\/web2.pssr.sk\/index.php\/wp-json\/wp\/v2\/comments?post=113"}],"version-history":[{"count":2,"href":"http:\/\/web2.pssr.sk\/index.php\/wp-json\/wp\/v2\/pages\/113\/revisions"}],"predecessor-version":[{"id":1162,"href":"http:\/\/web2.pssr.sk\/index.php\/wp-json\/wp\/v2\/pages\/113\/revisions\/1162"}],"wp:attachment":[{"href":"http:\/\/web2.pssr.sk\/index.php\/wp-json\/wp\/v2\/media?parent=113"}],"curies":[{"name":"wp","href":"https:\/\/api.w.org\/{rel}","templated":true}]}}