{"id":305,"date":"2026-03-09T17:54:34","date_gmt":"2026-03-09T17:54:34","guid":{"rendered":"http:\/\/web2.pssr.sk\/?page_id=305"},"modified":"2026-03-09T17:54:34","modified_gmt":"2026-03-09T17:54:34","slug":"verejne-obstaravanie","status":"publish","type":"page","link":"http:\/\/web2.pssr.sk\/index.php\/sk\/verejne-obstaravanie\/","title":{"rendered":"Verejn\u00e9 obstar\u00e1vanie"},"content":{"rendered":"\n<div class=\"wp-block-columns is-layout-flex wp-container-core-columns-is-layout-9d6595d7 wp-block-columns-is-layout-flex\">\n<div class=\"wp-block-column is-layout-flow wp-block-column-is-layout-flow\">\n<h3 class=\"wp-block-heading\">Verejn\u00e9 obstar\u00e1vanie do 30.6.2013<\/h3>\n\n\n\n\t<div class=\"govuk-accordion\" data-module=\"idsk-accordion\" id=\"1Ve1z6XSqxwI9CP7f2AG5\">\n\t\t<div class=\"govuk-accordion__controls\">\n\t\t\t<button class=\"govuk-accordion__open-all\"\n\t\t\t\tdata-open-title=\"Open all\"\n\t\t\t\tdata-close-title=\"Close all\"\n\t\t\t\ttype=\"button\"\n\t\t\t\taria-expanded=\"false\"\n\t\t\t>\n\t\t\t\t<span class=\"govuk-visually-hidden govuk-accordion__controls-span\" data-section-title=\"sections\"><\/span>\n\t\t\t<\/button>\n\t\t<\/div>\n\n\t\t\t\t\t<div class=\"govuk-accordion__section \">\n\t\t\t\t<div class=\"govuk-accordion__section-header\">\n\t\t\t\t\t<h2 class=\"govuk-accordion__section-heading\">\n\t\t\t\t\t\t<span class=\"govuk-accordion__section-button\" id=\"1Ve1z6XSqxwI9CP7f2AG5-heading-1\">\n\t\t\t\t\t\t\t2014\t\t\t\t\t\t<\/span>\n\t\t\t\t\t<\/h2>\n\t\t\t\t\t<div class=\"govuk-accordion__section-summary govuk-body\" id=\"1Ve1z6XSqxwI9CP7f2AG5-summary-1\">\n\t\t\t\t\t\t\t\t\t\t\t<\/div>\n\t\t\t\t<\/div>\n\t\t\t\t<div id=\"1Ve1z6XSqxwI9CP7f2AG5-content-1\"\n\t\t\t\t\tclass=\"govuk-accordion__section-content\"\n\t\t\t\t\taria-labelledby=\"1Ve1z6XSqxwI9CP7f2AG5-heading-1\"\n\t\t\t\t>\n\t\t\t\t\t<a href=\"https:\/\/pssr.sk\/org\/archivvo\/0114.pdf\" target=\"_blank\" rel=\"noreferrer noopener\">1. \u0161tvr\u0165rok<\/a>\t\t\t\t<\/div>\n\t\t\t<\/div>\n\t\t\t\t\t\t<div class=\"govuk-accordion__section \">\n\t\t\t\t<div class=\"govuk-accordion__section-header\">\n\t\t\t\t\t<h2 class=\"govuk-accordion__section-heading\">\n\t\t\t\t\t\t<span class=\"govuk-accordion__section-button\" id=\"1Ve1z6XSqxwI9CP7f2AG5-heading-2\">\n\t\t\t\t\t\t\t2013\t\t\t\t\t\t<\/span>\n\t\t\t\t\t<\/h2>\n\t\t\t\t\t<div class=\"govuk-accordion__section-summary govuk-body\" id=\"1Ve1z6XSqxwI9CP7f2AG5-summary-2\">\n\t\t\t\t\t\t\t\t\t\t\t<\/div>\n\t\t\t\t<\/div>\n\t\t\t\t<div id=\"1Ve1z6XSqxwI9CP7f2AG5-content-2\"\n\t\t\t\t\tclass=\"govuk-accordion__section-content\"\n\t\t\t\t\taria-labelledby=\"1Ve1z6XSqxwI9CP7f2AG5-heading-2\"\n\t\t\t\t>\n\t\t\t\t\t<a href=\"https:\/\/pssr.sk\/org\/archivvo\/0113.pdf\" target=\"_blank\" rel=\"noreferrer noopener\">1. \u0161tvr\u0165rok<br><\/a><a href=\"https:\/\/pssr.sk\/org\/archivvo\/0213.pdf\" target=\"_blank\" rel=\"noreferrer noopener\">2. \u0161tvr\u0165rok<\/a><a href=\"https:\/\/pssr.sk\/org\/archivvo\/0113.pdf\" target=\"_blank\" rel=\"noreferrer noopener\"><br><\/a><a href=\"https:\/\/pssr.sk\/org\/archivvo\/0413.pdf\" target=\"_blank\" rel=\"noreferrer noopener\">3. \u0161tvr\u0165rok<br>4. \u0161tvr\u0165rok<\/a>\t\t\t\t<\/div>\n\t\t\t<\/div>\n\t\t\t\t\t\t<div class=\"govuk-accordion__section \">\n\t\t\t\t<div class=\"govuk-accordion__section-header\">\n\t\t\t\t\t<h2 class=\"govuk-accordion__section-heading\">\n\t\t\t\t\t\t<span class=\"govuk-accordion__section-button\" id=\"1Ve1z6XSqxwI9CP7f2AG5-heading-3\">\n\t\t\t\t\t\t\t2012\t\t\t\t\t\t<\/span>\n\t\t\t\t\t<\/h2>\n\t\t\t\t\t<div class=\"govuk-accordion__section-summary govuk-body\" id=\"1Ve1z6XSqxwI9CP7f2AG5-summary-3\">\n\t\t\t\t\t\t\t\t\t\t\t<\/div>\n\t\t\t\t<\/div>\n\t\t\t\t<div id=\"1Ve1z6XSqxwI9CP7f2AG5-content-3\"\n\t\t\t\t\tclass=\"govuk-accordion__section-content\"\n\t\t\t\t\taria-labelledby=\"1Ve1z6XSqxwI9CP7f2AG5-heading-3\"\n\t\t\t\t>\n\t\t\t\t\t<a href=\"https:\/\/pssr.sk\/org\/archivvo\/0112.pdf\" target=\"_blank\" rel=\"noreferrer noopener\">1. \u0161tvr\u0165rok<\/a><br><a href=\"https:\/\/pssr.sk\/org\/archivvo\/0212.pdf\" target=\"_blank\" rel=\"noreferrer noopener\">2. \u0161tvr\u0165rok<\/a><br><a href=\"https:\/\/pssr.sk\/org\/archivvo\/0312.pdf\" target=\"_blank\" rel=\"noreferrer noopener\">3. \u0161tvr\u0165rok<\/a><br><a href=\"https:\/\/pssr.sk\/org\/archivvo\/0412.pdf\" target=\"_blank\" rel=\"noreferrer noopener\">4. \u0161tvr\u0165rok<\/a>\t\t\t\t<\/div>\n\t\t\t<\/div>\n\t\t\t\t<\/div>\n\n\t<\/div>\n\n\n\n<div class=\"wp-block-column is-layout-flow wp-block-column-is-layout-flow\">\n<h3 class=\"wp-block-heading\">Verejn\u00e9 obstar\u00e1vanie po 1.7.2013 (v prechodnom obdob\u00ed)<\/h3>\n\n\n\n\t<div class=\"govuk-accordion\" data-module=\"idsk-accordion\" id=\"GMd7kNQYYeJnmvjtBawzH\">\n\t\t<div class=\"govuk-accordion__controls\">\n\t\t\t<button class=\"govuk-accordion__open-all\"\n\t\t\t\tdata-open-title=\"Open all\"\n\t\t\t\tdata-close-title=\"Close all\"\n\t\t\t\ttype=\"button\"\n\t\t\t\taria-expanded=\"false\"\n\t\t\t>\n\t\t\t\t<span class=\"govuk-visually-hidden govuk-accordion__controls-span\" data-section-title=\"sections\"><\/span>\n\t\t\t<\/button>\n\t\t<\/div>\n\n\t\t\t\t\t<div class=\"govuk-accordion__section \">\n\t\t\t\t<div class=\"govuk-accordion__section-header\">\n\t\t\t\t\t<h2 class=\"govuk-accordion__section-heading\">\n\t\t\t\t\t\t<span class=\"govuk-accordion__section-button\" id=\"GMd7kNQYYeJnmvjtBawzH-heading-1\">\n\t\t\t\t\t\t\tZverej\u0148ovanie z\u00e1kaziek pod\u013ea \u00a79 ods.9 Z\u00e1kona o verejnom obstar\u00e1van\u00ed\t\t\t\t\t\t<\/span>\n\t\t\t\t\t<\/h2>\n\t\t\t\t\t<div class=\"govuk-accordion__section-summary govuk-body\" id=\"GMd7kNQYYeJnmvjtBawzH-summary-1\">\n\t\t\t\t\t\t\t\t\t\t\t<\/div>\n\t\t\t\t<\/div>\n\t\t\t\t<div id=\"GMd7kNQYYeJnmvjtBawzH-content-1\"\n\t\t\t\t\tclass=\"govuk-accordion__section-content\"\n\t\t\t\t\taria-labelledby=\"GMd7kNQYYeJnmvjtBawzH-heading-1\"\n\t\t\t\t>\n\t\t\t\t\t<a href=\"https:\/\/pssr.sk\/org\/archivvo\/Verejne_obs_po_1.7.2013_v_prechodnom_obdobi.pdf\">Stiahnu\u0165<\/a>\t\t\t\t<\/div>\n\t\t\t<\/div>\n\t\t\t\t<\/div>\n\n\t<\/div>\n<\/div>\n","protected":false},"excerpt":{"rendered":"<p>Verejn\u00e9 obstar\u00e1vanie do 30.6.2013 Verejn\u00e9 obstar\u00e1vanie po 1.7.2013 (v prechodnom obdob\u00ed)<\/p>\n","protected":false},"author":1,"featured_media":0,"parent":0,"menu_order":0,"comment_status":"closed","ping_status":"closed","template":"","meta":{"footnotes":""},"class_list":["post-305","page","type-page","status-publish","hentry"],"_links":{"self":[{"href":"http:\/\/web2.pssr.sk\/index.php\/wp-json\/wp\/v2\/pages\/305","targetHints":{"allow":["GET"]}}],"collection":[{"href":"http:\/\/web2.pssr.sk\/index.php\/wp-json\/wp\/v2\/pages"}],"about":[{"href":"http:\/\/web2.pssr.sk\/index.php\/wp-json\/wp\/v2\/types\/page"}],"author":[{"embeddable":true,"href":"http:\/\/web2.pssr.sk\/index.php\/wp-json\/wp\/v2\/users\/1"}],"replies":[{"embeddable":true,"href":"http:\/\/web2.pssr.sk\/index.php\/wp-json\/wp\/v2\/comments?post=305"}],"version-history":[{"count":1,"href":"http:\/\/web2.pssr.sk\/index.php\/wp-json\/wp\/v2\/pages\/305\/revisions"}],"predecessor-version":[{"id":306,"href":"http:\/\/web2.pssr.sk\/index.php\/wp-json\/wp\/v2\/pages\/305\/revisions\/306"}],"wp:attachment":[{"href":"http:\/\/web2.pssr.sk\/index.php\/wp-json\/wp\/v2\/media?parent=305"}],"curies":[{"name":"wp","href":"https:\/\/api.w.org\/{rel}","templated":true}]}}