{"id":723,"date":"2026-03-12T11:32:31","date_gmt":"2026-03-12T11:32:31","guid":{"rendered":"http:\/\/web2.pssr.sk\/?page_id=723"},"modified":"2026-03-12T11:32:32","modified_gmt":"2026-03-12T11:32:32","slug":"kariera","status":"publish","type":"page","link":"http:\/\/web2.pssr.sk\/index.php\/sk\/kariera\/","title":{"rendered":"Kari\u00e9ra"},"content":{"rendered":"\n<p><a href=\"https:\/\/pssr.sk\/wp-content\/uploads\/docs\/kariera_u_nas.pdf\">Pravidl\u00e1 pre v\u00fdber uch\u00e1dza\u010dov na vo\u013en\u00e9 pracovn\u00e9 miesto v Plemen\u00e1rskych slu\u017eb\u00e1ch SR, \u0161. p.<\/a><\/p>\n","protected":false},"excerpt":{"rendered":"<p>Pravidl\u00e1 pre v\u00fdber uch\u00e1dza\u010dov na vo\u013en\u00e9 pracovn\u00e9 miesto v Plemen\u00e1rskych slu\u017eb\u00e1ch SR, \u0161. p.<\/p>\n","protected":false},"author":1,"featured_media":0,"parent":0,"menu_order":0,"comment_status":"closed","ping_status":"closed","template":"","meta":{"footnotes":""},"class_list":["post-723","page","type-page","status-publish","hentry"],"_links":{"self":[{"href":"http:\/\/web2.pssr.sk\/index.php\/wp-json\/wp\/v2\/pages\/723","targetHints":{"allow":["GET"]}}],"collection":[{"href":"http:\/\/web2.pssr.sk\/index.php\/wp-json\/wp\/v2\/pages"}],"about":[{"href":"http:\/\/web2.pssr.sk\/index.php\/wp-json\/wp\/v2\/types\/page"}],"author":[{"embeddable":true,"href":"http:\/\/web2.pssr.sk\/index.php\/wp-json\/wp\/v2\/users\/1"}],"replies":[{"embeddable":true,"href":"http:\/\/web2.pssr.sk\/index.php\/wp-json\/wp\/v2\/comments?post=723"}],"version-history":[{"count":1,"href":"http:\/\/web2.pssr.sk\/index.php\/wp-json\/wp\/v2\/pages\/723\/revisions"}],"predecessor-version":[{"id":724,"href":"http:\/\/web2.pssr.sk\/index.php\/wp-json\/wp\/v2\/pages\/723\/revisions\/724"}],"wp:attachment":[{"href":"http:\/\/web2.pssr.sk\/index.php\/wp-json\/wp\/v2\/media?parent=723"}],"curies":[{"name":"wp","href":"https:\/\/api.w.org\/{rel}","templated":true}]}}