{"id":819,"date":"2026-03-14T08:05:15","date_gmt":"2026-03-14T08:05:15","guid":{"rendered":"http:\/\/web2.pssr.sk\/?page_id=819"},"modified":"2026-03-14T08:05:15","modified_gmt":"2026-03-14T08:05:15","slug":"icar-medzinarodna-organizacia-pre-kontrolu-uzitkovosti","status":"publish","type":"page","link":"http:\/\/web2.pssr.sk\/index.php\/sk\/icar-medzinarodna-organizacia-pre-kontrolu-uzitkovosti\/","title":{"rendered":"ICAR \u2013 medzin\u00e1rodn\u00e1 organiz\u00e1cia pre kontrolu \u00fa\u017eitkovosti"},"content":{"rendered":"\n<p><a href=\"http:\/\/www.icar.org\" target=\"_blank\" rel=\"noreferrer noopener\">I.C.A.R.<\/a> Organiz\u00e1cia je registrovan\u00e1 v Par\u00ed\u017ei vo Franc\u00fazsku, v s\u00falade s franc\u00fazskym pr\u00e1vom, ako medzin\u00e1rodn\u00e1 neziskov\u00e1 a nevl\u00e1dna organiz\u00e1cia. V roku 1990 za\u010dal ICAR p\u00f4sobi\u0165 celosvetovo a vo svojich aktivit\u00e1ch za\u010dal kl\u00e1s\u0165 v\u00e4\u010d\u0161\u00ed d\u00f4raz na \u0161tandardiz\u00e1ciu met\u00f3d kontroly \u00fa\u017eitkovosti. Za\u010diatkom dev\u00e4\u0165desiatych rokov bol tie\u017e okrem in\u00e9ho schv\u00e1len\u00fd d\u00f4le\u017eit\u00fd dokument Special Stamps Rules, ktor\u00fd upravuje pravidl\u00e1 a po\u017eiadavky, pod\u013ea ktor\u00fdch ICAR umo\u017e\u0148oval pou\u017e\u00edva\u0165 pe\u010da\u0165 kvality, ktor\u00e1 je symbolom kvality v\u00fdkonu kontroly \u00fa\u017eitkovosti (SR z\u00edskala pr\u00e1vo vyu\u017e\u00edva\u0165 t\u00fato pe\u010da\u0165 v roku 2002).<\/p>\n\n\n\n<p><a href=\"https:\/\/www.icar.org\/index.php\/certifications\/icar-certifications-for-milk-meters-for-cow-sheep-goats\/certified-milk-meters\/\" target=\"_blank\" rel=\"noreferrer noopener\">Mliekomery povolen\u00e9 ICARom pre K\u00da HD<\/a><br><a href=\"https:\/\/www.icar.org\/index.php\/certifications\/certificate-of-quality\/list-of-organisations-granted-with-the-cerrtificate-of-quality\/\">Certifik\u00e1t kvality: Kontrola mliekovej a m\u00e4sovej \u00fa\u017eitkovosti hov\u00e4dzieho dobytka, Kontrola mliekovej \u00fa\u017eitkovosti oviec a k\u00f4z, Identifik\u00e1cia hov\u00e4dzieho dobytka a oviec, DNA anal\u00fdza hospod\u00e1rskych zvierat, Rozbor mlieka, Spracovanie d\u00e1t<\/a><\/p>\n\n\n\n<p><\/p>\n","protected":false},"excerpt":{"rendered":"<p>I.C.A.R. Organiz\u00e1cia je registrovan\u00e1 v Par\u00ed\u017ei vo Franc\u00fazsku, v s\u00falade s franc\u00fazskym pr\u00e1vom, ako medzin\u00e1rodn\u00e1 neziskov\u00e1 a nevl\u00e1dna organiz\u00e1cia. V roku 1990 za\u010dal ICAR p\u00f4sobi\u0165 celosvetovo a vo svojich aktivit\u00e1ch za\u010dal kl\u00e1s\u0165 v\u00e4\u010d\u0161\u00ed d\u00f4raz na \u0161tandardiz\u00e1ciu met\u00f3d kontroly \u00fa\u017eitkovosti. Za\u010diatkom dev\u00e4\u0165desiatych rokov bol tie\u017e okrem in\u00e9ho schv\u00e1len\u00fd d\u00f4le\u017eit\u00fd dokument Special Stamps Rules, ktor\u00fd upravuje pravidl\u00e1&#8230;<\/p>\n","protected":false},"author":1,"featured_media":0,"parent":0,"menu_order":0,"comment_status":"closed","ping_status":"closed","template":"","meta":{"footnotes":""},"class_list":["post-819","page","type-page","status-publish","hentry"],"_links":{"self":[{"href":"http:\/\/web2.pssr.sk\/index.php\/wp-json\/wp\/v2\/pages\/819","targetHints":{"allow":["GET"]}}],"collection":[{"href":"http:\/\/web2.pssr.sk\/index.php\/wp-json\/wp\/v2\/pages"}],"about":[{"href":"http:\/\/web2.pssr.sk\/index.php\/wp-json\/wp\/v2\/types\/page"}],"author":[{"embeddable":true,"href":"http:\/\/web2.pssr.sk\/index.php\/wp-json\/wp\/v2\/users\/1"}],"replies":[{"embeddable":true,"href":"http:\/\/web2.pssr.sk\/index.php\/wp-json\/wp\/v2\/comments?post=819"}],"version-history":[{"count":1,"href":"http:\/\/web2.pssr.sk\/index.php\/wp-json\/wp\/v2\/pages\/819\/revisions"}],"predecessor-version":[{"id":820,"href":"http:\/\/web2.pssr.sk\/index.php\/wp-json\/wp\/v2\/pages\/819\/revisions\/820"}],"wp:attachment":[{"href":"http:\/\/web2.pssr.sk\/index.php\/wp-json\/wp\/v2\/media?parent=819"}],"curies":[{"name":"wp","href":"https:\/\/api.w.org\/{rel}","templated":true}]}}